{"id":6,"date":"2022-08-15T20:18:09","date_gmt":"2022-08-15T20:18:09","guid":{"rendered":"https:\/\/lotusmedicina.com.br\/?page_id=6"},"modified":"2022-08-15T21:28:35","modified_gmt":"2022-08-15T21:28:35","slug":"breve","status":"publish","type":"page","link":"https:\/\/lotusmedicina.com.br\/","title":{"rendered":"Breve!"},"content":{"rendered":"\t\t<div data-elementor-type=\"wp-page\" data-elementor-id=\"6\" class=\"elementor elementor-6\">\n\t\t\t\t\t\t\t\t\t<section class=\"elementor-section elementor-top-section elementor-element elementor-element-e060c32 elementor-section-full_width elementor-section-height-min-height elementor-section-stretched elementor-section-height-default elementor-section-items-middle\" data-id=\"e060c32\" data-element_type=\"section\" data-settings=\"{&quot;stretch_section&quot;:&quot;section-stretched&quot;,&quot;background_background&quot;:&quot;classic&quot;}\">\n\t\t\t\t\t\t<div class=\"elementor-container elementor-column-gap-no\">\n\t\t\t\t\t<div class=\"elementor-column elementor-col-100 elementor-top-column elementor-element elementor-element-0d91800\" data-id=\"0d91800\" data-element_type=\"column\">\n\t\t\t<div class=\"elementor-widget-wrap elementor-element-populated\">\n\t\t\t\t\t\t\t\t<section class=\"elementor-section elementor-inner-section elementor-element elementor-element-b1473e3 elementor-section-boxed elementor-section-height-default elementor-section-height-default\" data-id=\"b1473e3\" data-element_type=\"section\">\n\t\t\t\t\t\t<div class=\"elementor-container elementor-column-gap-default\">\n\t\t\t\t\t<div class=\"elementor-column elementor-col-50 elementor-inner-column elementor-element elementor-element-11e88db\" data-id=\"11e88db\" data-element_type=\"column\">\n\t\t\t<div class=\"elementor-widget-wrap elementor-element-populated\">\n\t\t\t\t\t\t\t\t<div class=\"elementor-element elementor-element-4c13b71 elementor-widget elementor-widget-image\" data-id=\"4c13b71\" data-element_type=\"widget\" data-widget_type=\"image.default\">\n\t\t\t\t<div class=\"elementor-widget-container\">\n\t\t\t<style>\/*! elementor - v3.7.1 - 14-08-2022 *\/\n.elementor-widget-image{text-align:center}.elementor-widget-image a{display:inline-block}.elementor-widget-image a img[src$=\".svg\"]{width:48px}.elementor-widget-image img{vertical-align:middle;display:inline-block}<\/style>\t\t\t\t\t\t\t\t\t\t\t\t<img width=\"300\" height=\"385\" src=\"https:\/\/lotusmedicina.com.br\/wp-content\/uploads\/2022\/08\/logo.png\" class=\"attachment-large size-large\" alt=\"\" loading=\"lazy\" srcset=\"https:\/\/lotusmedicina.com.br\/wp-content\/uploads\/2022\/08\/logo.png 300w, https:\/\/lotusmedicina.com.br\/wp-content\/uploads\/2022\/08\/logo-234x300.png 234w\" sizes=\"(max-width: 300px) 100vw, 300px\" \/>\t\t\t\t\t\t\t\t\t\t\t\t\t\t\t<\/div>\n\t\t\t\t<\/div>\n\t\t\t\t<div class=\"elementor-element elementor-element-c188e31 elementor-widget elementor-widget-text-editor\" data-id=\"c188e31\" data-element_type=\"widget\" data-widget_type=\"text-editor.default\">\n\t\t\t\t<div class=\"elementor-widget-container\">\n\t\t\t<style>\/*! elementor - v3.7.1 - 14-08-2022 *\/\n.elementor-widget-text-editor.elementor-drop-cap-view-stacked .elementor-drop-cap{background-color:#818a91;color:#fff}.elementor-widget-text-editor.elementor-drop-cap-view-framed .elementor-drop-cap{color:#818a91;border:3px solid;background-color:transparent}.elementor-widget-text-editor:not(.elementor-drop-cap-view-default) .elementor-drop-cap{margin-top:8px}.elementor-widget-text-editor:not(.elementor-drop-cap-view-default) .elementor-drop-cap-letter{width:1em;height:1em}.elementor-widget-text-editor .elementor-drop-cap{float:left;text-align:center;line-height:1;font-size:50px}.elementor-widget-text-editor .elementor-drop-cap-letter{display:inline-block}<\/style>\t\t\t\t<p>Rua Sabar\u00e1, 566 \u2013 cj. 102 &#8211; cep 01239-010 &#8211; S\u00e3o Paulo \u2013 SP<br \/>Tels.: (11) 3539.2297 | 3231.0051 | 9 4483-6990<\/p>\t\t\t\t\t\t<\/div>\n\t\t\t\t<\/div>\n\t\t\t\t\t<\/div>\n\t\t<\/div>\n\t\t\t\t<div class=\"elementor-column elementor-col-50 elementor-inner-column elementor-element elementor-element-5b43ebe\" data-id=\"5b43ebe\" data-element_type=\"column\">\n\t\t\t<div class=\"elementor-widget-wrap elementor-element-populated\">\n\t\t\t\t\t\t\t\t<div class=\"elementor-element elementor-element-1869884 elementor-widget elementor-widget-text-editor\" data-id=\"1869884\" data-element_type=\"widget\" data-widget_type=\"text-editor.default\">\n\t\t\t\t<div class=\"elementor-widget-container\">\n\t\t\t\t\t\t\t<p>Nosso site est\u00e1 em constru\u00e7\u00e3o. Em breve, um site completo para voc\u00ea.<\/p><p>Somos uma cl\u00ednica m\u00e9dica e de vacinas .<\/p><p>Nossa miss\u00e3o \u00e9 prestar um servi\u00e7o de excel\u00eancia t\u00e9cnica e humana. Embasado na ci\u00eancia e realizar todos os atendimentos e procedimentos com muito amor.<\/p><p>Realizamos todas as vacinas do calend\u00e1rio nacional tanto infantil como adulto.<\/p><p>Tamb\u00e9m temos atendimento m\u00e9dico em pediatria:<br \/>-Pediatria geral <br \/>-Pneumologia <br \/>-Alergia<br \/>-Gastroenterologia<\/p><p>Adultos:<br \/>-Alergia <br \/>-Neurologia<\/p><h6><strong>N\u00e3o deixem de vacinar seus filhos e familiares! <br \/>A vacina salva vidas.<\/strong><\/h6>\t\t\t\t\t\t<\/div>\n\t\t\t\t<\/div>\n\t\t\t\t\t<\/div>\n\t\t<\/div>\n\t\t\t\t\t\t\t<\/div>\n\t\t<\/section>\n\t\t\t\t\t<\/div>\n\t\t<\/div>\n\t\t\t\t\t\t\t<\/div>\n\t\t<\/section>\n\t\t\t\t\t\t\t<\/div>\n\t\t","protected":false},"excerpt":{"rendered":"<p>Rua Sabar\u00e1, 566 \u2013 cj. 102 &#8211; cep 01239-010 &#8211; S\u00e3o Paulo \u2013 SPTels.: (11) 3539.2297 | 3231.0051 | 9 4483-6990 Nosso site est\u00e1 em constru\u00e7\u00e3o. Em breve, um site completo para voc\u00ea. Somos uma cl\u00ednica m\u00e9dica e de vacinas . Nossa miss\u00e3o \u00e9 prestar um servi\u00e7o de excel\u00eancia t\u00e9cnica e humana. Embasado na ci\u00eancia [&hellip;]<\/p>\n","protected":false},"author":1,"featured_media":0,"parent":0,"menu_order":0,"comment_status":"closed","ping_status":"closed","template":"elementor_canvas","meta":{"om_disable_all_campaigns":false,"_monsterinsights_skip_tracking":false,"_monsterinsights_sitenote_active":false,"_monsterinsights_sitenote_note":"","_monsterinsights_sitenote_category":0},"aioseo_notices":[],"_links":{"self":[{"href":"https:\/\/lotusmedicina.com.br\/index.php\/wp-json\/wp\/v2\/pages\/6"}],"collection":[{"href":"https:\/\/lotusmedicina.com.br\/index.php\/wp-json\/wp\/v2\/pages"}],"about":[{"href":"https:\/\/lotusmedicina.com.br\/index.php\/wp-json\/wp\/v2\/types\/page"}],"author":[{"embeddable":true,"href":"https:\/\/lotusmedicina.com.br\/index.php\/wp-json\/wp\/v2\/users\/1"}],"replies":[{"embeddable":true,"href":"https:\/\/lotusmedicina.com.br\/index.php\/wp-json\/wp\/v2\/comments?post=6"}],"version-history":[{"count":22,"href":"https:\/\/lotusmedicina.com.br\/index.php\/wp-json\/wp\/v2\/pages\/6\/revisions"}],"predecessor-version":[{"id":34,"href":"https:\/\/lotusmedicina.com.br\/index.php\/wp-json\/wp\/v2\/pages\/6\/revisions\/34"}],"wp:attachment":[{"href":"https:\/\/lotusmedicina.com.br\/index.php\/wp-json\/wp\/v2\/media?parent=6"}],"curies":[{"name":"wp","href":"https:\/\/api.w.org\/{rel}","templated":true}]}}